{"id":11,"date":"2024-09-11T11:15:44","date_gmt":"2024-09-11T09:15:44","guid":{"rendered":"http:\/\/www.jb-webdesign.net\/solar\/?page_id=11"},"modified":"2026-04-08T15:14:20","modified_gmt":"2026-04-08T13:14:20","slug":"impressum","status":"publish","type":"page","link":"https:\/\/www.solarberlin.com\/english\/impressum\/","title":{"rendered":"imprint"},"content":{"rendered":"<div data-elementor-type=\"wp-page\" data-elementor-id=\"11\" class=\"elementor elementor-11\">\n\t\t\t\t<div class=\"elementor-element elementor-element-3271f47 e-flex e-con-boxed e-con e-parent\" data-id=\"3271f47\" data-element_type=\"container\">\n\t\t\t\t\t<div class=\"e-con-inner\">\n\t\t\t\t<div class=\"elementor-element elementor-element-e4b699b elementor-widget elementor-widget-button\" data-id=\"e4b699b\" data-element_type=\"widget\" data-widget_type=\"button.default\">\n\t\t\t\t<div class=\"elementor-widget-container\">\n\t\t\t\t\t\t\t\t\t<div class=\"elementor-button-wrapper\">\n\t\t\t\t\t<a class=\"elementor-button elementor-button-link elementor-size-sm\" href=\"https:\/\/www.solarberlin.com\/english\/\">\n\t\t\t\t\t\t<span class=\"elementor-button-content-wrapper\">\n\t\t\t\t\t\t\t\t\t<span class=\"elementor-button-text\">HOME<\/span>\n\t\t\t\t\t<\/span>\n\t\t\t\t\t<\/a>\n\t\t\t\t<\/div>\n\t\t\t\t\t\t\t\t<\/div>\n\t\t\t\t<\/div>\n\t\t\t\t<div class=\"elementor-element elementor-element-b64c76d elementor-widget elementor-widget-text-editor\" data-id=\"b64c76d\" data-element_type=\"widget\" data-widget_type=\"text-editor.default\">\n\t\t\t\t<div class=\"elementor-widget-container\">\n\t\t\t\t\t\t\t\t\t<h1 class=\"adsimple-322177593 fusion-responsive-typography-calculated\" data-fontsize=\"32\" data-lineheight=\"38.4px\">Impressum<\/h1>\n<p class=\"adsimple-322177593\">Angaben gem\u00e4\u00df Informationspflicht laut \u00a7 5 Telemediengesetz (TMG).<\/p>\n<p>FARBRAUSCH GMBH<br>Stresemannstr. 76,<br>10963 Berlin,<br>Deutschland<\/p>\n<p class=\"adsimple-322177593\"><strong>Wirtschafts-ID:<\/strong> DE243287312<br><strong>Register:<\/strong> Handelsregister<br><strong>Registernummer:<\/strong> HRB 97539 B<br><strong>Registergericht:<\/strong> Amtsgericht Charlottenburg<\/p>\n<p class=\"adsimple-322177593\"><strong>Tel.:<\/strong> +49 (0)30 \u2013 2300 5809<br><strong>Fax:<\/strong> +49 (0)30 \u2013 2300 5811<br><strong>E-Mail:<\/strong> <a href=\"mailto:info@solarberlin.com\">info@solarberlin.com<\/a><\/p>\n<p class=\"adsimple-322177593\"><strong>Berufsbezeichnung:<\/strong> Restaurant, Bar<\/p>\n<p class=\"adsimple-322177593\"><strong>Gesch\u00e4ftsf\u00fchrer<\/strong><br>Franco Mey, Andre Kr\u00fcger<\/p>\n<p class=\"adsimple-322177593\"><strong>Kontaktdaten des Verantwortlichen f\u00fcr Datenschutz<\/strong><br>Sollten Sie Fragen zum Datenschutz haben, finden Sie nachfolgend die Kontaktdaten der verantwortlichen Person bzw. Stelle:<br>Franco Mey, Andre Kr\u00fcger<br>E-Mail-Adresse: <a href=\"mailto:info@solarberlin.com\">info@solarberlin.com<\/a><br>Telefon: +49 (0)30 \u2013 2300 5809<\/p>\n<h2 id=\"eu-streitschlichtung\" class=\"adsimple-322177593 fusion-responsive-typography-calculated\" data-fontsize=\"24\" data-lineheight=\"36px\">EU-Streitschlichtung<\/h2>\n<p>Gem\u00e4\u00df Verordnung \u00fcber Online-Streitbeilegung in Verbraucherangelegenheiten (ODR-Verordnung) m\u00f6chten wir Sie \u00fcber die Online-Streitbeilegungsplattform (OS-Plattform) informieren.<br>Verbraucher haben die M\u00f6glichkeit, Beschwerden an die Online Streitbeilegungsplattform der Europ\u00e4ischen Kommission unter <a class=\"adsimple-322177593\" href=\"https:\/\/ec.europa.eu\/consumers\/odr\/main\/index.cfm?event=main.home2.show&amp;lng=DE\" target=\"_blank\" rel=\"follow noopener\">https:\/\/ec.europa.eu\/consumers\/odr\/main\/index.cfm?event=main.home2.show&amp;lng=DE<\/a> zu richten. Die daf\u00fcr notwendigen Kontaktdaten finden Sie oberhalb in unserem Impressum.<\/p>\n<p>Wir m\u00f6chten Sie jedoch darauf hinweisen, dass wir nicht bereit oder verpflichtet sind, an Streitbeilegungsverfahren vor einer Verbraucherschlichtungsstelle teilzunehmen.<\/p>\n<h2 id=\"haftung-fuer-inhalte-dieser-webseite\" class=\"adsimple-322177593 fusion-responsive-typography-calculated\" data-fontsize=\"24\" data-lineheight=\"36px\">Haftung f\u00fcr Inhalte dieser Website<\/h2>\n<p>Wir entwickeln die Inhalte dieser Website st\u00e4ndig weiter und bem\u00fchen uns korrekte und aktuelle Informationen bereitzustellen. Leider k\u00f6nnen wir keine Haftung f\u00fcr die Korrektheit aller Inhalte auf dieser Website \u00fcbernehmen, speziell f\u00fcr jene, die seitens Dritter bereitgestellt wurden. Als Diensteanbieter sind wir nicht verpflichtet, die von Ihnen \u00fcbermittelten oder gespeicherten Informationen zu \u00fcberwachen oder nach Umst\u00e4nden zu forschen, die auf eine rechtswidrige T\u00e4tigkeit hinweisen.<\/p>\n<p>Unsere Verpflichtungen zur Entfernung von Informationen oder zur Sperrung der Nutzung von Informationen nach den allgemeinen Gesetzen aufgrund von gerichtlichen oder beh\u00f6rdlichen Anordnungen bleiben auch im Falle unserer Nichtverantwortlichkeit davon unber\u00fchrt.<\/p>\n<p>Sollten Ihnen problematische oder rechtswidrige Inhalte auffallen, bitte wir Sie uns umgehend zu kontaktieren, damit wir die rechtswidrigen Inhalte entfernen k\u00f6nnen. Sie finden die Kontaktdaten im Impressum.<\/p>\n<h2 id=\"haftung-links-webseite\" class=\"adsimple-322177593 fusion-responsive-typography-calculated\" data-fontsize=\"24\" data-lineheight=\"36px\">Haftung f\u00fcr Links auf dieser Website<\/h2>\n<p>Unsere Website enth\u00e4lt Links zu anderen Websites f\u00fcr deren Inhalt wir nicht verantwortlich sind. Haftung f\u00fcr verlinkte Websites besteht f\u00fcr uns nicht, da wir keine Kenntnis rechtswidriger T\u00e4tigkeiten hatten und haben, uns solche Rechtswidrigkeiten auch bisher nicht aufgefallen sind und wir Links sofort entfernen w\u00fcrden, wenn uns Rechtswidrigkeiten bekannt werden.<\/p>\n<p>Wenn Ihnen rechtswidrige Links auf unserer Website auffallen, bitte wir Sie uns zu kontaktieren. Sie finden die Kontaktdaten im Impressum.<\/p>\n<h2 id=\"urheberrechtshinweis\" class=\"adsimple-322177593 fusion-responsive-typography-calculated\" data-fontsize=\"24\" data-lineheight=\"36px\">Urheberrechtshinweis<\/h2>\n<p>Alle Inhalte dieser Webseite (Bilder, Fotos, Texte, Videos) unterliegen dem Urheberrecht. Bitte fragen Sie uns bevor Sie die Inhalte dieser Website verbreiten, vervielf\u00e4ltigen oder verwerten wie zum Beispiel auf anderen Websites erneut ver\u00f6ffentlichen. Falls notwendig, werden wir die unerlaubte Nutzung von Teilen der Inhalte unserer Seite rechtlich verfolgen.<\/p>\n<p>Sollten Sie auf dieser Webseite Inhalte finden, die das Urheberrecht verletzen, bitten wir Sie uns zu kontaktieren.<\/p>\n<p>Alle Texte sind urheberrechtlich gesch\u00fctzt.<\/p>\t\t\t\t\t\t\t\t<\/div>\n\t\t\t\t<\/div>\n\t\t\t\t\t<\/div>\n\t\t\t\t<\/div>\n\t\t\t\t<\/div>","protected":false},"excerpt":{"rendered":"<p>HOME Impressum Angaben gem\u00e4\u00df Informationspflicht laut \u00a7 5 Telemediengesetz (TMG). FARBRAUSCH GMBHStresemannstr. 76,10963 Berlin,Deutschland Wirtschafts-ID: DE243287312Register: HandelsregisterRegisternummer: HRB 97539 BRegistergericht: Amtsgericht Charlottenburg Tel.: +49 (0)30 \u2013 2300 5809Fax: +49 (0)30 \u2013 2300 5811E-Mail: info@solarberlin.com Berufsbezeichnung: Restaurant, Bar Gesch\u00e4ftsf\u00fchrerFranco Mey, Andre Kr\u00fcger Kontaktdaten des Verantwortlichen f\u00fcr DatenschutzSollten Sie Fragen zum Datenschutz haben, finden Sie nachfolgend die [&hellip;]<\/p>","protected":false},"author":3,"featured_media":0,"parent":0,"menu_order":0,"comment_status":"closed","ping_status":"closed","template":"elementor_canvas","meta":{"footnotes":""},"class_list":["post-11","page","type-page","status-publish","hentry"],"_links":{"self":[{"href":"https:\/\/www.solarberlin.com\/english\/wp-json\/wp\/v2\/pages\/11","targetHints":{"allow":["GET"]}}],"collection":[{"href":"https:\/\/www.solarberlin.com\/english\/wp-json\/wp\/v2\/pages"}],"about":[{"href":"https:\/\/www.solarberlin.com\/english\/wp-json\/wp\/v2\/types\/page"}],"author":[{"embeddable":true,"href":"https:\/\/www.solarberlin.com\/english\/wp-json\/wp\/v2\/users\/3"}],"replies":[{"embeddable":true,"href":"https:\/\/www.solarberlin.com\/english\/wp-json\/wp\/v2\/comments?post=11"}],"version-history":[{"count":16,"href":"https:\/\/www.solarberlin.com\/english\/wp-json\/wp\/v2\/pages\/11\/revisions"}],"predecessor-version":[{"id":3681,"href":"https:\/\/www.solarberlin.com\/english\/wp-json\/wp\/v2\/pages\/11\/revisions\/3681"}],"wp:attachment":[{"href":"https:\/\/www.solarberlin.com\/english\/wp-json\/wp\/v2\/media?parent=11"}],"curies":[{"name":"wp","href":"https:\/\/api.w.org\/{rel}","templated":true}]}}